{"id":3,"date":"2022-01-04T16:51:08","date_gmt":"2022-01-04T16:51:08","guid":{"rendered":"http:\/\/gvalimo.ch\/?page_id=3"},"modified":"2025-12-11T09:13:00","modified_gmt":"2025-12-11T08:13:00","slug":"cgv","status":"publish","type":"page","link":"https:\/\/gvalimo.ch\/fr\/cgv\/","title":{"rendered":"Conditions g\u00e9n\u00e9rales de vente"},"content":{"rendered":"<p>[et_pb_section fb_built=&#8221;1&#8243; fullwidth=&#8221;on&#8221; admin_label=&#8221;Section&#8221; _builder_version=&#8221;4.16&#8243; custom_padding=&#8221;0px|0px|0px|0px&#8221; transparent_background=&#8221;off&#8221; make_fullwidth=&#8221;off&#8221; use_custom_width=&#8221;off&#8221; width_unit=&#8221;off&#8221; custom_width_px=&#8221;1080px&#8221; custom_width_percent=&#8221;80%&#8221; global_colors_info=&#8221;{}&#8221;][et_pb_fullwidth_slider admin_label=&#8221;Curseur de d\u00e9filement plein \u00e9cran&#8221; _builder_version=&#8221;4.22.1&#8243; height=&#8221;400px&#8221; max_height=&#8221;400px&#8221; custom_padding=&#8221;|||&#8221; custom_padding_tablet=&#8221;|||&#8221; custom_padding_phone=&#8221;|||&#8221; button_letter_spacing_hover=&#8221;0&#8243; remove_inner_shadow=&#8221;on&#8221; hide_content_on_mobile=&#8221;off&#8221; hide_cta_on_mobile=&#8221;off&#8221; show_inner_shadow=&#8221;off&#8221; global_colors_info=&#8221;{}&#8221; button_text_size__hover_enabled=&#8221;off&#8221; button_one_text_size__hover_enabled=&#8221;off&#8221; button_two_text_size__hover_enabled=&#8221;off&#8221; button_text_color__hover_enabled=&#8221;off&#8221; button_one_text_color__hover_enabled=&#8221;off&#8221; button_two_text_color__hover_enabled=&#8221;off&#8221; button_border_width__hover_enabled=&#8221;off&#8221; button_one_border_width__hover_enabled=&#8221;off&#8221; button_two_border_width__hover_enabled=&#8221;off&#8221; button_border_color__hover_enabled=&#8221;off&#8221; button_one_border_color__hover_enabled=&#8221;off&#8221; button_two_border_color__hover_enabled=&#8221;off&#8221; button_border_radius__hover_enabled=&#8221;off&#8221; button_one_border_radius__hover_enabled=&#8221;off&#8221; button_two_border_radius__hover_enabled=&#8221;off&#8221; button_letter_spacing__hover_enabled=&#8221;on&#8221; button_letter_spacing__hover=&#8221;0&#8243; button_one_letter_spacing__hover_enabled=&#8221;off&#8221; button_two_letter_spacing__hover_enabled=&#8221;off&#8221; button_bg_color__hover_enabled=&#8221;off&#8221; button_one_bg_color__hover_enabled=&#8221;off&#8221; button_two_bg_color__hover_enabled=&#8221;off&#8221;][et_pb_slide heading=&#8221;Conditions g\u00e9n\u00e9rales de vente&#8221; use_bg_overlay=&#8221;on&#8221; bg_overlay_color=&#8221;rgba(0,0,0,0.5)&#8221; use_text_overlay=&#8221;off&#8221; _builder_version=&#8221;4.22.1&#8243; header_font=&#8221;||||&#8221; header_font_size=&#8221;60px&#8221; body_font=&#8221;||||&#8221; body_line_height=&#8221;1.5em&#8221; background_color=&#8221;RGBA(255,255,255,0)&#8221; background_enable_color=&#8221;on&#8221; background_image=&#8221;https:\/\/gvalimo.ch\/wp-content\/uploads\/2022\/02\/a_propos1.jpg&#8221; background_enable_image=&#8221;on&#8221; custom_button=&#8221;on&#8221; button_text_size=&#8221;16&#8243; button_text_color=&#8221;#ffffff&#8221; button_border_color=&#8221;#ffffff&#8221; button_font=&#8221;||||&#8221; button_use_icon=&#8221;off&#8221; text_orientation=&#8221;center&#8221; custom_padding=&#8221;0px||400px||false|false&#8221; header_font_size_tablet=&#8221;80px&#8221; header_font_size_phone=&#8221;50px&#8221; header_font_size_last_edited=&#8221;on|phone&#8221; body_font_size_tablet=&#8221;&#8221; body_font_size_phone=&#8221;&#8221; body_font_size_last_edited=&#8221;on|desktop&#8221; button_text_size_tablet=&#8221;16&#8243; button_text_size_phone=&#8221;16&#8243; button_text_color_hover=&#8221;#666666&#8243; button_bg_color_hover=&#8221;#ffffff&#8221; global_colors_info=&#8221;{}&#8221; button_text_size__hover_enabled=&#8221;off&#8221; button_one_text_size__hover_enabled=&#8221;off&#8221; button_two_text_size__hover_enabled=&#8221;off&#8221; button_text_color__hover_enabled=&#8221;on&#8221; button_text_color__hover=&#8221;#666666&#8243; button_one_text_color__hover_enabled=&#8221;off&#8221; button_two_text_color__hover_enabled=&#8221;off&#8221; button_border_width__hover_enabled=&#8221;off&#8221; button_one_border_width__hover_enabled=&#8221;off&#8221; button_two_border_width__hover_enabled=&#8221;off&#8221; button_border_color__hover_enabled=&#8221;off&#8221; button_one_border_color__hover_enabled=&#8221;off&#8221; button_two_border_color__hover_enabled=&#8221;off&#8221; button_border_radius__hover_enabled=&#8221;off&#8221; button_one_border_radius__hover_enabled=&#8221;off&#8221; button_two_border_radius__hover_enabled=&#8221;off&#8221; button_letter_spacing__hover_enabled=&#8221;off&#8221; button_one_letter_spacing__hover_enabled=&#8221;off&#8221; button_two_letter_spacing__hover_enabled=&#8221;off&#8221; button_bg_color__hover_enabled=&#8221;on&#8221; button_bg_color__hover=&#8221;#ffffff&#8221; button_one_bg_color__hover_enabled=&#8221;off&#8221; button_two_bg_color__hover_enabled=&#8221;off&#8221; sticky_transition=&#8221;on&#8221;][\/et_pb_slide][\/et_pb_fullwidth_slider][\/et_pb_section][et_pb_section fb_built=&#8221;1&#8243; _builder_version=&#8221;4.16&#8243; _module_preset=&#8221;default&#8221; custom_margin=&#8221;||0px||false|false&#8221; global_colors_info=&#8221;{}&#8221;][et_pb_row _builder_version=&#8221;4.16&#8243; _module_preset=&#8221;default&#8221; custom_margin=&#8221;30px||20px||false|false&#8221; global_colors_info=&#8221;{}&#8221;][et_pb_column type=&#8221;4_4&#8243; _builder_version=&#8221;4.16&#8243; _module_preset=&#8221;default&#8221; global_colors_info=&#8221;{}&#8221;][et_pb_text _builder_version=&#8221;4.23.2&#8243; _module_preset=&#8221;default&#8221; text_font_size=&#8221;18px&#8221; text_line_height=&#8221;1.5em&#8221; header_line_height=&#8221;1.3em&#8221; global_colors_info=&#8221;{}&#8221;]<\/p>\n<p><span><b>Inclus dans le tarif :<\/b><\/span><\/p>\n<ul>\n<li><span><\/span>Assurance passagers illimit\u00e9e<\/li>\n<li><span><\/span>TVA<\/li>\n<li><span><\/span>Carburant<\/li>\n<li><span><\/span>Si\u00e8ges enfants sur demande (selon disponibilit\u00e9s)<\/li>\n<\/ul>\n<p><span><b>Non inclus dans le tarif\u00a0:<span class=\"Apple-converted-space\">\u00a0<\/span><\/b><\/span><\/p>\n<ul>\n<li><span><\/span>Frais parking A\u00e9roport<\/li>\n<ul>\n<li><span><\/span>Limousines et monospaces<span class=\"Apple-converted-space\">\u00a0 <\/span>CHF 20.- (maximum 60 minutes). CHF 5.- par 20 minutes suppl\u00e9mentaires<\/li>\n<li><span><\/span>Minibus et Autocar CHF 40.- (maximum 60 minutes). CHF 5.- par 20 suppl\u00e9mentaires<\/li>\n<li><span><\/span>Repas chauffeur CHF 35.-<\/li>\n<li><span><\/span>Nuit chauffeur<b> <\/b>CHF 180.-<\/li>\n<li><span><\/span>Suppl\u00e9ment nuit pour pick-up entre 20 heures et 08h01<b> <\/b>CHF 45.-<\/li>\n<li><span><\/span>Eaux Min\u00e9rales<\/li>\n<\/ul>\n<\/ul>\n<p><span><b>Temps d\u2019attente\u00a0:<\/b><\/span><\/p>\n<ul>\n<li><span><\/span><b>Pick-up A\u00e9roport\u00a0:<\/b><\/li>\n<\/ul>\n<ul>\n<li><span><\/span>Le tarif inclus un temps d\u2019attente de 30<strong>\u00a0minutes apr\u00e8s l\u2019arriv\u00e9e du vol.<\/strong> Le temps d\u2019attente suppl\u00e9mentaire est factur\u00e9 CHF 135.- par heure pour une limousine et CHF 210 .- par heure pour un minibus\u00a0<\/li>\n<\/ul>\n<ul>\n<li><span><\/span><b>Autres lieux\u00a0:<\/b><\/li>\n<\/ul>\n<ul>\n<li><span><\/span>Le tarif inclus un temps d\u2019attente de <strong>15 minutes apr\u00e8s l\u2019heure du pick-up pr\u00e9vue.<\/strong> Le temps d\u2019attente suppl\u00e9mentaire est factur\u00e9 CHF 135.- par heure pour une limousine et CHF 210.- par heure pour un minibus\u00a0\u00a0<\/li>\n<\/ul>\n<p><span><b>Conditions d\u2019annulation\u00a0<\/b>:<span class=\"Apple-converted-space\">\u00a0<\/span><\/span><\/p>\n<p>L\u2019annulation de la commande est uniquement <strong>accept\u00e9 par mail\u00a0: infos@gvalimo.ch<\/strong> <span class=\"Apple-converted-space\">\u00a0<\/span><\/p>\n<ul>\n<li><span><\/span>24 heures avant la prise en charge, pas de frais<\/li>\n<li><span><\/span>Moins de 24 heures avant la prise en charge 100 % de frais<\/li>\n<\/ul>\n<p>Les conditions d\u2019annulations ne sont pas valable durant les grandes manifestations tels que\u00a0:<span class=\"Apple-converted-space\">\u00a0 <\/span>Watches &amp; Wonders, EBACE, etc..<span class=\"Apple-converted-space\">\u00a0<\/span><\/p>\n<p><span><b>Assurance Bagages\u00a0:<\/b><\/span><\/p>\n<p>Geneva Limousine Sarl n\u2019est pas responsable pour les dommages et vols des objets laiss\u00e9s dans les v\u00e9hicules. Gen\u00e8ve Limousine Sarl se r\u00e9serve le droit de facturer des frais de livraison pour le retour d\u2019articles perdus s\u2019ils sont retrouv\u00e9s.<\/p>\n<p><span><b>Cartes de Cr\u00e9dits :<\/b><\/span><span class=\"Apple-converted-space\">\u00a0 <\/span>Nous acceptons toutes les carte de cr\u00e9dits suivantes<span class=\"Apple-converted-space\">\u00a0 <\/span>:<span class=\"Apple-converted-space\">\u00a0 <\/span>American Express, Visa, Eurocard, Mastercard, Diners.<span class=\"Apple-converted-space\">\u00a0<\/span><\/p>\n<p><span><b><\/b><\/span><\/p>\n<p><span><b>Paiement \u00e0 l\u2019avance :<\/b><\/span><b> <span class=\"Apple-converted-space\">\u00a0 <\/span><\/b>Pour tous les clients domicili\u00e9s hors de la Suisse un paiement \u00e0 l\u2019avance est exig\u00e9.<\/p>\n<p><span><b><\/b><\/span><\/p>\n<p><span><b>Heures de conduite des chauffeurs\u00a0:<\/b><\/span><\/p>\n<p>Maximum 15 heures par jour \/ par conducteur (y compris de garage \u00e0 garage), un temps de conduite maximum de 9 heures et un temps de repos minimum de 11 heures par jour (occasionnellement, ce temps peut \u00eatre r\u00e9duit \u00e0 un minimum de 9 heures). si les 15 heures de travail sont d\u00e9pass\u00e9es, le conducteur doit \u00eatre remplac\u00e9 par un nouveau conducteur. Il s&#8217;agit l\u00e0 d&#8217;exigences l\u00e9gales qui sont r\u00e9guli\u00e8rement contr\u00f4l\u00e9es par les autorit\u00e9s suisses charg\u00e9es de l&#8217;application de la loi.<\/p>\n<p>[\/et_pb_text][\/et_pb_column][\/et_pb_row][\/et_pb_section]<\/p>\n","protected":false},"excerpt":{"rendered":"<p>Inclus dans le tarif : Assurance passagers illimit\u00e9e TVA Carburant Si\u00e8ges enfants sur demande (selon disponibilit\u00e9s) Non inclus dans le tarif\u00a0:\u00a0 Frais parking A\u00e9roport Limousines et monospaces\u00a0 CHF 20.- (maximum 60 minutes). CHF 5.- par 20 minutes suppl\u00e9mentaires Minibus et Autocar CHF 40.- (maximum 60 minutes). CHF 5.- par 20 suppl\u00e9mentaires Repas chauffeur CHF 35.- [&hellip;]<\/p>\n","protected":false},"author":1,"featured_media":0,"parent":0,"menu_order":0,"comment_status":"closed","ping_status":"open","template":"","meta":{"_et_pb_use_builder":"on","_et_pb_old_content":"<!-- wp:heading -->\n<h2 class=\"wp-block-heading\"><\/h2>\n<!-- \/wp:heading -->","_et_gb_content_width":"","footnotes":""},"class_list":["post-3","page","type-page","status-publish","hentry"],"_links":{"self":[{"href":"https:\/\/gvalimo.ch\/fr\/wp-json\/wp\/v2\/pages\/3","targetHints":{"allow":["GET"]}}],"collection":[{"href":"https:\/\/gvalimo.ch\/fr\/wp-json\/wp\/v2\/pages"}],"about":[{"href":"https:\/\/gvalimo.ch\/fr\/wp-json\/wp\/v2\/types\/page"}],"author":[{"embeddable":true,"href":"https:\/\/gvalimo.ch\/fr\/wp-json\/wp\/v2\/users\/1"}],"replies":[{"embeddable":true,"href":"https:\/\/gvalimo.ch\/fr\/wp-json\/wp\/v2\/comments?post=3"}],"version-history":[{"count":14,"href":"https:\/\/gvalimo.ch\/fr\/wp-json\/wp\/v2\/pages\/3\/revisions"}],"predecessor-version":[{"id":29344,"href":"https:\/\/gvalimo.ch\/fr\/wp-json\/wp\/v2\/pages\/3\/revisions\/29344"}],"wp:attachment":[{"href":"https:\/\/gvalimo.ch\/fr\/wp-json\/wp\/v2\/media?parent=3"}],"curies":[{"name":"wp","href":"https:\/\/api.w.org\/{rel}","templated":true}]}}